{"id":88,"date":"2025-07-19T18:52:40","date_gmt":"2025-07-19T15:22:40","guid":{"rendered":"https:\/\/feelancer.ir\/?page_id=88"},"modified":"2025-09-02T14:37:12","modified_gmt":"2025-09-02T11:07:12","slug":"home-tr","status":"publish","type":"page","link":"https:\/\/feelancer.ir\/tr\/","title":{"rendered":"Web, Bot ve Uygulama Geli\u015ftirme, SEO \u00c7\u00f6z\u00fcmleri | Freelancer ile \u0130\u015finizi Geli\u015ftirin"},"content":{"rendered":"\r\n<h2 class=\"wp-block-heading\"><strong>Freelancer (Serbest \u00c7al\u0131\u015fan) Nedir?<\/strong><\/h2>\r\n\r\n\r\n\r\n<p>Bir freelancer, i\u015fletmelerin \u00e7evrimi\u00e7i varl\u0131\u011f\u0131n\u0131 olu\u015fturmas\u0131na ve b\u00fcy\u00fctmesine yard\u0131mc\u0131 olmak i\u00e7in uzmanla\u015fm\u0131\u015f dijital hizmetler sunan ba\u011f\u0131ms\u0131z bir uzmand\u0131r. Geleneksel \u00e7al\u0131\u015fanlar\u0131n aksine, <strong>freelance yaz\u0131l\u0131m geli\u015ftiriciler<\/strong>, <strong>freelance tasar\u0131mc\u0131lar<\/strong> ve <strong>freelance dijital pazarlamac\u0131lar<\/strong>, i\u015fletmenizin ihtiya\u00e7lar\u0131na uyarlanm\u0131\u015f esnek, proje bazl\u0131 \u00e7\u00f6z\u00fcmler sunar.<\/p>\r\n\r\n\r\n\r\n<p>Dijital operasyonlar\u0131n\u0131 geli\u015ftirmek isteyen i\u015fletme sahipleri i\u00e7in mevcut ba\u015fl\u0131ca freelancer hizmetleri:<\/p>\r\n\r\n\r\n<hr class=\"wp-block-separator has-alpha-channel-opacity\" \/>\r\n\r\n\r\n<h2 class=\"wp-block-heading\"><strong>1. \u0130\u015finiz i\u00e7in Freelance WordPress &amp; \u00d6zel Web Sitesi Geli\u015ftirme<\/strong><\/h2>\r\n\r\n\r\n\r\n<h3 class=\"wp-block-heading\"><strong>Neden Bir Freelance WordPress Geli\u015ftirici \u0130\u015fe Almal\u0131s\u0131n\u0131z?<\/strong><\/h3>\r\n\r\n\r\n\r\n<p>Web siteniz dijital ma\u011fazan\u0131zd\u0131r. Bir <strong>WordPress geli\u015ftirici<\/strong> <strong>Freelancer<\/strong> \u015funlar\u0131 yapabilir:<\/p>\r\n\r\n\r\n\r\n<p>\u2714 Duyarl\u0131, d\u00f6n\u00fc\u015f\u00fcm odakl\u0131 i\u015f web siteleri olu\u015fturmak<br \/>\u2714 G\u00fcvenli \u00f6deme ge\u00e7itleriyle \u00f6zel WooCommerce ma\u011fazalar\u0131 olu\u015fturmak<br \/>\u2714 Mevcut sitenizi kesintisiz olarak WordPress&#8217;e ta\u015f\u0131mak<br \/>\u2714 Daha iyi kullan\u0131c\u0131 deneyimi i\u00e7in web sitesi h\u0131z\u0131n\u0131 optimize etmek<\/p>\r\n\r\n\r\n\r\n<p><strong>\u0130\u015fletmeye Sa\u011flad\u0131\u011f\u0131 Faydalar:<\/strong><\/p>\r\n\r\n\r\n\r\n<ul class=\"wp-block-list\">\r\n<li>7\/24 profesyonel \u00e7evrimi\u00e7i varl\u0131k<\/li>\r\n\r\n\r\n\r\n<li>Artm\u0131\u015f m\u00fc\u015fteri g\u00fcveni ve itibar<\/li>\r\n\r\n\r\n\r\n<li>Daha y\u00fcksek d\u00f6n\u00fc\u015f\u00fcm oranlar\u0131<\/li>\r\n<\/ul>\r\n\r\n\r\n\r\n<p><strong>\u0130lgili Anahtar Kelimeler:<\/strong> <em>WordPress freelancer i\u015fe al, i\u015f web sitesi geli\u015ftirici, e-ticaret freelance uzman\u0131<\/em><\/p>\r\n\r\n\r\n<hr class=\"wp-block-separator has-alpha-channel-opacity\" \/>\r\n\r\n\r\n<h2 class=\"wp-block-heading\"><strong>2. Freelance Web Uygulamas\u0131 &amp; Bot Geli\u015ftirme Hizmetleri<\/strong><\/h2>\r\n\r\n\r\n\r\n<h3 class=\"wp-block-heading\"><strong>Freelance Geli\u015ftiricilerden \u00d6zel Web \u00c7\u00f6z\u00fcmleri<\/strong><\/h3>\r\n\r\n\r\n\r\n<p>Bir <strong>web uygulamas\u0131 geli\u015ftirici<\/strong> <strong>Freelancer <\/strong>\u015funlar\u0131 in\u015fa edebilir:<\/p>\r\n\r\n\r\n\r\n<ul class=\"wp-block-list\">\r\n<li>Envanter y\u00f6netim sistemleri<\/li>\r\n\r\n\r\n\r\n<li>G\u00fcvenli giri\u015fli m\u00fc\u015fteri portallar\u0131<\/li>\r\n\r\n\r\n\r\n<li>Mevcut yaz\u0131l\u0131m\u0131n\u0131zla API entegrasyonlar\u0131<\/li>\r\n<\/ul>\r\n\r\n\r\n\r\n<h3 class=\"wp-block-heading\"><strong>Freelance Bot Geli\u015ftiriciler ile Otomasyon<\/strong><\/h3>\r\n\r\n\r\n\r\n<p>\u015eunlarla verimlili\u011fi art\u0131r\u0131n:<\/p>\r\n\r\n\r\n\r\n<ul class=\"wp-block-list\">\r\n<li><strong>M\u00fc\u015fteri hizmetleri sohbet botlar\u0131<\/strong> (7\/24 destek)<\/li>\r\n\r\n\r\n\r\n<li>Sipari\u015f bildirimleri i\u00e7in <strong>Telegram\/WhatsApp botlar\u0131<\/strong><\/li>\r\n\r\n\r\n\r\n<li>Pazar ara\u015ft\u0131rmas\u0131 i\u00e7in <strong>Veri kaz\u0131ma botlar\u0131<\/strong><\/li>\r\n<\/ul>\r\n\r\n\r\n\r\n<p><strong>\u0130\u015fletmeye Sa\u011flad\u0131\u011f\u0131 Faydalar:<\/strong><\/p>\r\n\r\n\r\n\r\n<ul class=\"wp-block-list\">\r\n<li>Otomasyon ile operasyonel maliyetleri azaltma<\/li>\r\n\r\n\r\n\r\n<li>M\u00fc\u015fteri kat\u0131l\u0131m\u0131n\u0131 iyile\u015ftirme<\/li>\r\n\r\n\r\n\r\n<li>Rekabet\u00e7i i\u00e7g\u00f6r\u00fcler elde etme<\/li>\r\n<\/ul>\r\n\r\n\r\n\r\n<p><strong>\u0130lgili Anahtar Kelimeler:<\/strong> <em>Freelance web uygulamas\u0131 geli\u015ftirici, sohbet botu geli\u015ftirme hizmetleri, i\u015f otomasyonu uzman\u0131<\/em><\/p>\r\n\r\n\r\n<hr class=\"wp-block-separator has-alpha-channel-opacity\" \/>\r\n\r\n\r\n<h2 class=\"wp-block-heading\"><strong>3. Freelance WordPress Eklenti &amp; Tema \u00d6zelle\u015ftirme<\/strong><\/h2>\r\n\r\n\r\n\r\n<h3 class=\"wp-block-heading\"><strong>WordPress Siteniz i\u00e7in \u00d6zel \u00c7\u00f6z\u00fcmler<\/strong><\/h3>\r\n\r\n\r\n\r\n<p>Bir <strong>WordPress eklenti geli\u015ftirici<\/strong> \u015funlar\u0131 yapabilir:<\/p>\r\n\r\n\r\n\r\n<ul class=\"wp-block-list\">\r\n<li>Benzersiz i\u015f ihtiya\u00e7lar\u0131 i\u00e7in \u00f6zel eklentiler olu\u015fturmak<\/li>\r\n\r\n\r\n\r\n<li>WordPress&#8217;i CRM\/ERP sistemlerinizle entegre etmek<\/li>\r\n\r\n\r\n\r\n<li>\u00d6zel i\u00e7erik i\u00e7in \u00fcyelik eklentileri geli\u015ftirmek<\/li>\r\n<\/ul>\r\n\r\n\r\n\r\n<h3 class=\"wp-block-heading\"><strong>Marka ile Uyumlu Tema Geli\u015ftirme<\/strong><\/h3>\r\n\r\n\r\n\r\n<p>Bir <strong>freelance WordPress tema tasar\u0131mc\u0131s\u0131<\/strong> \u015funlar\u0131 yapacakt\u0131r:<\/p>\r\n\r\n\r\n\r\n<ul class=\"wp-block-list\">\r\n<li>Marka kimli\u011finizle e\u015fle\u015fen temalar tasarlamak<\/li>\r\n\r\n\r\n\r\n<li>Mobil cihazlara uyumlu duyarl\u0131l\u0131\u011f\u0131 sa\u011flamak<\/li>\r\n\r\n\r\n\r\n<li>H\u0131zl\u0131 y\u00fckleme h\u0131zlar\u0131 i\u00e7in optimize etmek<\/li>\r\n<\/ul>\r\n\r\n\r\n\r\n<p><strong>\u0130\u015fletmeye Sa\u011flad\u0131\u011f\u0131 Faydalar:<\/strong><\/p>\r\n\r\n\r\n\r\n<ul class=\"wp-block-list\">\r\n<li>Rakiplerden s\u0131yr\u0131lma<\/li>\r\n\r\n\r\n\r\n<li>Geli\u015fmi\u015f kullan\u0131c\u0131 deneyimi<\/li>\r\n\r\n\r\n\r\n<li>Daha iyi teknik performans<\/li>\r\n<\/ul>\r\n\r\n\r\n\r\n<p><strong>\u0130lgili Anahtar Kelimeler:<\/strong> <em>WordPress \u00f6zelle\u015ftirme hizmetleri, eklenti geli\u015ftirme freelancer, i\u015f temas\u0131 tasar\u0131mc\u0131s\u0131<\/em><\/p>\r\n\r\n\r\n<hr class=\"wp-block-separator has-alpha-channel-opacity\" \/>\r\n\r\n\r\n<h2 class=\"wp-block-heading\"><strong>4. Freelance SEO &amp; \u0130\u00e7erik Pazarlama Hizmetleri<\/strong><\/h2>\r\n\r\n\r\n\r\n<h3 class=\"wp-block-heading\"><strong>Freelance SEO Uzmanlar\u0131 ile \u00c7evrimi\u00e7i Ortamda Bulunun<\/strong><\/h3>\r\n\r\n\r\n\r\n<p>Bir <strong>SEO y\u00f6neticisi freelancer<\/strong> \u015funlar\u0131 sa\u011flar:<\/p>\r\n\r\n\r\n\r\n<ul class=\"wp-block-list\">\r\n<li>Sekt\u00f6r\u00fcn\u00fcz i\u00e7in kapsaml\u0131 anahtar kelime ara\u015ft\u0131rmas\u0131<\/li>\r\n\r\n\r\n\r\n<li>Sayfa i\u00e7i optimizasyon (meta etiketler, i\u00e7erik yap\u0131s\u0131)<\/li>\r\n\r\n\r\n\r\n<li>Teknik SEO denetimleri ve d\u00fczeltmeleri<\/li>\r\n\r\n\r\n\r\n<li>Fiziksel i\u015fletmeler i\u00e7in yerel SEO<\/li>\r\n<\/ul>\r\n\r\n\r\n\r\n<h3 class=\"wp-block-heading\"><strong>Freelance Yazarlardan Etkileyici \u0130\u00e7erik<\/strong><\/h3>\r\n\r\n\r\n\r\n<p>Bir <strong>freelance i\u00e7erik \u00fcreticisi<\/strong> \u015funlar\u0131 sunar:<\/p>\r\n\r\n\r\n\r\n<ul class=\"wp-block-list\">\r\n<li>M\u00fc\u015fteri \u00e7ekmek i\u00e7in SEO optimize blog yaz\u0131lar\u0131<\/li>\r\n\r\n\r\n\r\n<li>D\u00f6n\u00fc\u015f\u00fcm sa\u011flayan \u00fcr\u00fcn a\u00e7\u0131klamalar\u0131<\/li>\r\n\r\n\r\n\r\n<li>E-posta pazarlama kampanyalar\u0131<\/li>\r\n<\/ul>\r\n\r\n\r\n\r\n<p><strong>\u0130\u015fletmeye Sa\u011flad\u0131\u011f\u0131 Faydalar:<\/strong><\/p>\r\n\r\n\r\n\r\n<ul class=\"wp-block-list\">\r\n<li>Daha y\u00fcksek arama motoru s\u0131ralamalar\u0131<\/li>\r\n\r\n\r\n\r\n<li>Artm\u0131\u015f organik trafik<\/li>\r\n\r\n\r\n\r\n<li>Sekt\u00f6rde otorite kurma<\/li>\r\n<\/ul>\r\n\r\n\r\n\r\n<p><strong>\u0130lgili Anahtar Kelimeler:<\/strong> <em>\u0130\u015fletme SEO hizmetleri, i\u00e7erik pazarlama freelancer, profesyonel metin yazarl\u0131\u011f\u0131 hizmetleri<\/em><\/p>\r\n\r\n\r\n<hr class=\"wp-block-separator has-alpha-channel-opacity\" \/>\r\n\r\n\r\n<h2 class=\"wp-block-heading\"><strong>5. \u0130\u015f B\u00fcy\u00fcmesi i\u00e7in Freelance Mobil Uygulama Geli\u015ftirme<\/strong><\/h2>\r\n\r\n\r\n\r\n<h3 class=\"wp-block-heading\"><strong>Freelance Geli\u015ftiricilerden Yerel Mobil Uygulamalar<\/strong><\/h3>\r\n\r\n\r\n\r\n<p>Bir <strong>mobil uygulama geli\u015ftirici<\/strong> <strong>Freelancer<\/strong> \u015funlar\u0131 olu\u015fturabilir:<\/p>\r\n\r\n\r\n\r\n<ul class=\"wp-block-list\">\r\n<li>M\u00fc\u015fteri etkile\u015fimi i\u00e7in iOS\/Android uygulamalar\u0131<\/li>\r\n\r\n\r\n\r\n<li>E-ticaret mobil uygulamalar\u0131<\/li>\r\n\r\n\r\n\r\n<li>\u0130\u015f verimlili\u011fi ara\u00e7lar\u0131<\/li>\r\n<\/ul>\r\n\r\n\r\n\r\n<h3 class=\"wp-block-heading\"><strong>\u00c7apraz Platform \u00c7\u00f6z\u00fcmler<\/strong><\/h3>\r\n\r\n\r\n\r\n<p>Bir kez geli\u015ftirin, her yerde da\u011f\u0131t\u0131n:<\/p>\r\n\r\n\r\n\r\n<ul class=\"wp-block-list\">\r\n<li>Flutter uygulamalar\u0131<\/li>\r\n\r\n\r\n\r\n<li>React Native uygulamalar\u0131<\/li>\r\n<\/ul>\r\n\r\n\r\n\r\n<p><strong>\u0130\u015fletmeye Sa\u011flad\u0131\u011f\u0131 Faydalar:<\/strong><\/p>\r\n\r\n\r\n\r\n<ul class=\"wp-block-list\">\r\n<li>M\u00fc\u015fterilere tercih ettikleri cihazlarda ula\u015f\u0131n<\/li>\r\n\r\n\r\n\r\n<li>Marka etkile\u015fimini art\u0131r\u0131n<\/li>\r\n\r\n\r\n\r\n<li>Ek gelir ak\u0131\u015flar\u0131 yarat\u0131n<\/li>\r\n<\/ul>\r\n\r\n\r\n\r\n<p><strong>\u0130lgili Anahtar Kelimeler:<\/strong> <em>Uygulama geli\u015ftirici freelancer i\u015fe al, i\u015f mobil uygulamalar\u0131, \u00e7apraz platform geli\u015ftirme hizmetleri<\/em><\/p>\r\n\r\n\r\n<hr class=\"wp-block-separator has-alpha-channel-opacity\" \/>\r\n\r\n\r\n<h2 class=\"wp-block-heading\"><strong>Neden Ajanslar Yerine Freelance Profesyonelleri Se\u00e7melisiniz?<\/strong><\/h2>\r\n\r\n\r\n\r\n<ol class=\"wp-block-list\">\r\n<li><strong>Uygun Maliyetli<\/strong> &#8211; Ajanslara k\u0131yasla %30-50 tasarruf edin<\/li>\r\n\r\n\r\n\r\n<li><strong>Do\u011frudan \u0130leti\u015fim<\/strong> &#8211; Geli\u015ftiricinizle bire bir \u00e7al\u0131\u015f\u0131n<\/li>\r\n\r\n\r\n\r\n<li><strong>Esnek \u00c7al\u0131\u015fma<\/strong> &#8211; Hizmetleri ihtiyaca g\u00f6re \u00f6l\u00e7eklendirin<\/li>\r\n\r\n\r\n\r\n<li><strong>\u00d6zelle\u015fmi\u015f Uzmanl\u0131k<\/strong> &#8211; Tam olarak ihtiyac\u0131n\u0131z olan becerileri elde edin<\/li>\r\n<\/ol>\r\n\r\n\r\n<hr class=\"wp-block-separator has-alpha-channel-opacity\" \/>\r\n\r\n\r\n<h2 class=\"wp-block-heading\"><strong>Freelancer ile Nas\u0131l \u00c7al\u0131\u015f\u0131l\u0131r<\/strong>?<\/h2>\r\n\r\n\r\n\r\n<ol class=\"wp-block-list\">\r\n<li><strong>Proje Kapsam\u0131n\u0131z\u0131 Tan\u0131mlay\u0131n<\/strong> &#8211; Gereksinimler konusunda net olun<\/li>\r\n\r\n\r\n\r\n<li><strong>Portf\u00f6yleri \u0130nceleyin<\/strong> &#8211; \u0130lgili i\u015f deneyimine bak\u0131n<\/li>\r\n\r\n\r\n\r\n<li><strong>K\u00fc\u00e7\u00fck Ba\u015flay\u0131n<\/strong> &#8211; Deneme projesi ile ba\u015flay\u0131n<\/li>\r\n\r\n\r\n\r\n<li><strong>G\u00fcvenli \u00d6demeler Kullan\u0131n<\/strong> &#8211; Upwork gibi platformlar koruma sa\u011flar<\/li>\r\n<\/ol>\r\n","protected":false},"excerpt":{"rendered":"<p>Freelancer (Serbest \u00c7al\u0131\u015fan) Nedir? Bir freelancer, i\u015fletmelerin \u00e7evrimi\u00e7i varl\u0131\u011f\u0131n\u0131 olu\u015fturmas\u0131na ve b\u00fcy\u00fctmesine yard\u0131mc\u0131 olmak i\u00e7in uzmanla\u015fm\u0131\u015f dijital hizmetler sunan ba\u011f\u0131ms\u0131z bir uzmand\u0131r. Geleneksel \u00e7al\u0131\u015fanlar\u0131n aksine, freelance yaz\u0131l\u0131m geli\u015ftiriciler, freelance tasar\u0131mc\u0131lar ve freelance dijital pazarlamac\u0131lar, i\u015fletmenizin ihtiya\u00e7lar\u0131na uyarlanm\u0131\u015f esnek, proje bazl\u0131 \u00e7\u00f6z\u00fcmler sunar. Dijital operasyonlar\u0131n\u0131 geli\u015ftirmek isteyen i\u015fletme sahipleri i\u00e7in mevcut ba\u015fl\u0131ca freelancer hizmetleri: 1. \u0130\u015finiz [&hellip;]<\/p>\n","protected":false},"author":1,"featured_media":137,"parent":0,"menu_order":0,"comment_status":"closed","ping_status":"closed","template":"front-page-template.php","meta":{"footnotes":""},"class_list":["post-88","page","type-page","status-publish","has-post-thumbnail","hentry"],"_links":{"self":[{"href":"https:\/\/feelancer.ir\/tr\/wp-json\/wp\/v2\/pages\/88","targetHints":{"allow":["GET"]}}],"collection":[{"href":"https:\/\/feelancer.ir\/tr\/wp-json\/wp\/v2\/pages"}],"about":[{"href":"https:\/\/feelancer.ir\/tr\/wp-json\/wp\/v2\/types\/page"}],"author":[{"embeddable":true,"href":"https:\/\/feelancer.ir\/tr\/wp-json\/wp\/v2\/users\/1"}],"replies":[{"embeddable":true,"href":"https:\/\/feelancer.ir\/tr\/wp-json\/wp\/v2\/comments?post=88"}],"version-history":[{"count":4,"href":"https:\/\/feelancer.ir\/tr\/wp-json\/wp\/v2\/pages\/88\/revisions"}],"predecessor-version":[{"id":147,"href":"https:\/\/feelancer.ir\/tr\/wp-json\/wp\/v2\/pages\/88\/revisions\/147"}],"wp:featuredmedia":[{"embeddable":true,"href":"https:\/\/feelancer.ir\/tr\/wp-json\/wp\/v2\/media\/137"}],"wp:attachment":[{"href":"https:\/\/feelancer.ir\/tr\/wp-json\/wp\/v2\/media?parent=88"}],"curies":[{"name":"wp","href":"https:\/\/api.w.org\/{rel}","templated":true}]}}